{"id":4287,"date":"2018-01-27T13:27:42","date_gmt":"2018-01-27T13:27:42","guid":{"rendered":"http:\/\/bb-luxusapartman.eu\/?page_id=4287"},"modified":"2025-11-12T20:49:41","modified_gmt":"2025-11-12T20:49:41","slug":"galeria2","status":"publish","type":"page","link":"https:\/\/bb-luxusapartman.eu\/?page_id=4287","title":{"rendered":"Gal\u00e9ria"},"content":{"rendered":"","protected":false},"excerpt":{"rendered":"","protected":false},"author":1,"featured_media":4625,"parent":0,"menu_order":0,"comment_status":"closed","ping_status":"closed","template":"","meta":[],"yoast_head":"<!-- This site is optimized with the Yoast SEO plugin v16.1.1 - https:\/\/yoast.com\/wordpress\/plugins\/seo\/ -->\n<title>Gal\u00e9ria - Black Brothers Luxus Apartman Si\u00f3fok | K\u00f6zt\u00e1rsas\u00e1g utca 9.<\/title>\n<link rel=\"canonical\" href=\"https:\/\/bb-luxusapartman.eu\/?page_id=4287\" \/>\n<meta property=\"og:locale\" content=\"hu_HU\" \/>\n<meta property=\"og:type\" content=\"article\" \/>\n<meta property=\"og:title\" content=\"Gal\u00e9ria - Black Brothers Luxus Apartman Si\u00f3fok | K\u00f6zt\u00e1rsas\u00e1g utca 9.\" \/>\n<meta property=\"og:url\" content=\"https:\/\/bb-luxusapartman.eu\/?page_id=4287\" \/>\n<meta property=\"og:site_name\" content=\"Black Brothers Luxus Apartman Si\u00f3fok | K\u00f6zt\u00e1rsas\u00e1g utca 9.\" \/>\n<meta property=\"article:publisher\" content=\"https:\/\/www.facebook.com\/bbluxusapartman\" \/>\n<meta property=\"article:modified_time\" content=\"2025-11-12T20:49:41+00:00\" \/>\n<meta property=\"og:image\" content=\"https:\/\/bb-luxusapartman.eu\/wp-content\/uploads\/2022\/06\/20220602_144959-scaled.jpg\" \/>\n\t<meta property=\"og:image:width\" content=\"2560\" \/>\n\t<meta property=\"og:image:height\" content=\"1152\" \/>\n<meta name=\"twitter:card\" content=\"summary_large_image\" \/>\n<script type=\"application\/ld+json\" class=\"yoast-schema-graph\">{\"@context\":\"https:\/\/schema.org\",\"@graph\":[{\"@type\":\"WebSite\",\"@id\":\"https:\/\/bb-luxusapartman.eu\/#website\",\"url\":\"https:\/\/bb-luxusapartman.eu\/\",\"name\":\"Black Brothers Luxus Apartman Si\\u00f3fok | K\\u00f6zt\\u00e1rsas\\u00e1g utca 9.\",\"description\":\"\",\"potentialAction\":[{\"@type\":\"SearchAction\",\"target\":\"https:\/\/bb-luxusapartman.eu\/?s={search_term_string}\",\"query-input\":\"required name=search_term_string\"}],\"inLanguage\":\"hu\"},{\"@type\":\"ImageObject\",\"@id\":\"https:\/\/bb-luxusapartman.eu\/?page_id=4287#primaryimage\",\"inLanguage\":\"hu\",\"url\":\"https:\/\/bb-luxusapartman.eu\/wp-content\/uploads\/2022\/06\/20220602_144959-scaled.jpg\",\"contentUrl\":\"https:\/\/bb-luxusapartman.eu\/wp-content\/uploads\/2022\/06\/20220602_144959-scaled.jpg\",\"width\":2560,\"height\":1152},{\"@type\":\"WebPage\",\"@id\":\"https:\/\/bb-luxusapartman.eu\/?page_id=4287#webpage\",\"url\":\"https:\/\/bb-luxusapartman.eu\/?page_id=4287\",\"name\":\"Gal\\u00e9ria - Black Brothers Luxus Apartman Si\\u00f3fok | K\\u00f6zt\\u00e1rsas\\u00e1g utca 9.\",\"isPartOf\":{\"@id\":\"https:\/\/bb-luxusapartman.eu\/#website\"},\"primaryImageOfPage\":{\"@id\":\"https:\/\/bb-luxusapartman.eu\/?page_id=4287#primaryimage\"},\"datePublished\":\"2018-01-27T13:27:42+00:00\",\"dateModified\":\"2025-11-12T20:49:41+00:00\",\"breadcrumb\":{\"@id\":\"https:\/\/bb-luxusapartman.eu\/?page_id=4287#breadcrumb\"},\"inLanguage\":\"hu\",\"potentialAction\":[{\"@type\":\"ReadAction\",\"target\":[\"https:\/\/bb-luxusapartman.eu\/?page_id=4287\"]}]},{\"@type\":\"BreadcrumbList\",\"@id\":\"https:\/\/bb-luxusapartman.eu\/?page_id=4287#breadcrumb\",\"itemListElement\":[{\"@type\":\"ListItem\",\"position\":1,\"item\":{\"@type\":\"WebPage\",\"@id\":\"https:\/\/bb-luxusapartman.eu\/\",\"url\":\"https:\/\/bb-luxusapartman.eu\/\",\"name\":\"Kezd\\u0151lap\"}},{\"@type\":\"ListItem\",\"position\":2,\"item\":{\"@type\":\"WebPage\",\"@id\":\"https:\/\/bb-luxusapartman.eu\/?page_id=4287\",\"url\":\"https:\/\/bb-luxusapartman.eu\/?page_id=4287\",\"name\":\"Gal\\u00e9ria\"}}]}]}<\/script>\n<!-- \/ Yoast SEO plugin. -->","_links":{"self":[{"href":"https:\/\/bb-luxusapartman.eu\/index.php?rest_route=\/wp\/v2\/pages\/4287"}],"collection":[{"href":"https:\/\/bb-luxusapartman.eu\/index.php?rest_route=\/wp\/v2\/pages"}],"about":[{"href":"https:\/\/bb-luxusapartman.eu\/index.php?rest_route=\/wp\/v2\/types\/page"}],"author":[{"embeddable":true,"href":"https:\/\/bb-luxusapartman.eu\/index.php?rest_route=\/wp\/v2\/users\/1"}],"replies":[{"embeddable":true,"href":"https:\/\/bb-luxusapartman.eu\/index.php?rest_route=%2Fwp%2Fv2%2Fcomments&post=4287"}],"version-history":[{"count":10,"href":"https:\/\/bb-luxusapartman.eu\/index.php?rest_route=\/wp\/v2\/pages\/4287\/revisions"}],"predecessor-version":[{"id":4665,"href":"https:\/\/bb-luxusapartman.eu\/index.php?rest_route=\/wp\/v2\/pages\/4287\/revisions\/4665"}],"wp:featuredmedia":[{"embeddable":true,"href":"https:\/\/bb-luxusapartman.eu\/index.php?rest_route=\/wp\/v2\/media\/4625"}],"wp:attachment":[{"href":"https:\/\/bb-luxusapartman.eu\/index.php?rest_route=%2Fwp%2Fv2%2Fmedia&parent=4287"}],"curies":[{"name":"wp","href":"https:\/\/api.w.org\/{rel}","templated":true}]}}