{"id":3720,"date":"2015-03-31T10:26:01","date_gmt":"2015-03-31T10:26:01","guid":{"rendered":"http:\/\/themes.goodlayers2.com\/hotelmaster\/?page_id=3720"},"modified":"2025-11-12T20:48:52","modified_gmt":"2025-11-12T20:48:52","slug":"fooldal","status":"publish","type":"page","link":"https:\/\/bb-luxusapartman.eu\/","title":{"rendered":"F\u0151oldal"},"content":{"rendered":"","protected":false},"excerpt":{"rendered":"","protected":false},"author":1,"featured_media":4436,"parent":0,"menu_order":0,"comment_status":"closed","ping_status":"open","template":"","meta":[],"yoast_head":"<!-- This site is optimized with the Yoast SEO plugin v16.1.1 - https:\/\/yoast.com\/wordpress\/plugins\/seo\/ -->\n<title>F\u0151oldal - Black Brothers Luxus Apartman Si\u00f3fok | K\u00f6zt\u00e1rsas\u00e1g utca 9.<\/title>\n<meta name=\"description\" content=\"Black Brothers Luxus Apartman Si\u00f3fok | K\u00f6zt\u00e1rsas\u00e1g utca 9. - Luxus Apartman Si\u00f3fokon - Balaton sz\u00e1ll\u00e1s - Sz\u00e1ll\u00e1s a Balatonon\" \/>\n<link rel=\"canonical\" href=\"https:\/\/bb-luxusapartman.eu\/\" \/>\n<meta property=\"og:locale\" content=\"hu_HU\" \/>\n<meta property=\"og:type\" content=\"article\" \/>\n<meta property=\"og:title\" content=\"F\u0151oldal - Black Brothers Luxus Apartman Si\u00f3fok | K\u00f6zt\u00e1rsas\u00e1g utca 9.\" \/>\n<meta property=\"og:description\" content=\"Black Brothers Luxus Apartman Si\u00f3fok | K\u00f6zt\u00e1rsas\u00e1g utca 9. - Luxus Apartman Si\u00f3fokon - Balaton sz\u00e1ll\u00e1s - Sz\u00e1ll\u00e1s a Balatonon\" \/>\n<meta property=\"og:url\" content=\"https:\/\/bb-luxusapartman.eu\/\" \/>\n<meta property=\"og:site_name\" content=\"Black Brothers Luxus Apartman Si\u00f3fok | K\u00f6zt\u00e1rsas\u00e1g utca 9.\" \/>\n<meta property=\"article:publisher\" content=\"https:\/\/www.facebook.com\/bbluxusapartman\" \/>\n<meta property=\"article:modified_time\" content=\"2025-11-12T20:48:52+00:00\" \/>\n<meta property=\"og:image\" content=\"https:\/\/bb-luxusapartman.eu\/wp-content\/uploads\/2020\/06\/1-scaled.jpg\" \/>\n\t<meta property=\"og:image:width\" content=\"2560\" \/>\n\t<meta property=\"og:image:height\" content=\"1920\" \/>\n<meta name=\"twitter:card\" content=\"summary_large_image\" \/>\n<script type=\"application\/ld+json\" class=\"yoast-schema-graph\">{\"@context\":\"https:\/\/schema.org\",\"@graph\":[{\"@type\":\"WebSite\",\"@id\":\"https:\/\/bb-luxusapartman.eu\/#website\",\"url\":\"https:\/\/bb-luxusapartman.eu\/\",\"name\":\"Black Brothers Luxus Apartman Si\\u00f3fok | K\\u00f6zt\\u00e1rsas\\u00e1g utca 9.\",\"description\":\"\",\"potentialAction\":[{\"@type\":\"SearchAction\",\"target\":\"https:\/\/bb-luxusapartman.eu\/?s={search_term_string}\",\"query-input\":\"required name=search_term_string\"}],\"inLanguage\":\"hu\"},{\"@type\":\"ImageObject\",\"@id\":\"https:\/\/bb-luxusapartman.eu\/#primaryimage\",\"inLanguage\":\"hu\",\"url\":\"https:\/\/bb-luxusapartman.eu\/wp-content\/uploads\/2020\/06\/1-scaled.jpg\",\"contentUrl\":\"https:\/\/bb-luxusapartman.eu\/wp-content\/uploads\/2020\/06\/1-scaled.jpg\",\"width\":2560,\"height\":1920},{\"@type\":\"WebPage\",\"@id\":\"https:\/\/bb-luxusapartman.eu\/#webpage\",\"url\":\"https:\/\/bb-luxusapartman.eu\/\",\"name\":\"F\\u0151oldal - Black Brothers Luxus Apartman Si\\u00f3fok | K\\u00f6zt\\u00e1rsas\\u00e1g utca 9.\",\"isPartOf\":{\"@id\":\"https:\/\/bb-luxusapartman.eu\/#website\"},\"primaryImageOfPage\":{\"@id\":\"https:\/\/bb-luxusapartman.eu\/#primaryimage\"},\"datePublished\":\"2015-03-31T10:26:01+00:00\",\"dateModified\":\"2025-11-12T20:48:52+00:00\",\"description\":\"Black Brothers Luxus Apartman Si\\u00f3fok | K\\u00f6zt\\u00e1rsas\\u00e1g utca 9. - Luxus Apartman Si\\u00f3fokon - Balaton sz\\u00e1ll\\u00e1s - Sz\\u00e1ll\\u00e1s a Balatonon\",\"breadcrumb\":{\"@id\":\"https:\/\/bb-luxusapartman.eu\/#breadcrumb\"},\"inLanguage\":\"hu\",\"potentialAction\":[{\"@type\":\"ReadAction\",\"target\":[\"https:\/\/bb-luxusapartman.eu\/\"]}]},{\"@type\":\"BreadcrumbList\",\"@id\":\"https:\/\/bb-luxusapartman.eu\/#breadcrumb\",\"itemListElement\":[{\"@type\":\"ListItem\",\"position\":1,\"item\":{\"@type\":\"WebPage\",\"@id\":\"https:\/\/bb-luxusapartman.eu\/\",\"url\":\"https:\/\/bb-luxusapartman.eu\/\",\"name\":\"Kezd\\u0151lap\"}},{\"@type\":\"ListItem\",\"position\":2,\"item\":{\"@type\":\"WebPage\",\"@id\":\"https:\/\/bb-luxusapartman.eu\/\",\"url\":\"https:\/\/bb-luxusapartman.eu\/\",\"name\":\"F\\u0151oldal\"}}]}]}<\/script>\n<!-- \/ Yoast SEO plugin. -->","_links":{"self":[{"href":"https:\/\/bb-luxusapartman.eu\/index.php?rest_route=\/wp\/v2\/pages\/3720"}],"collection":[{"href":"https:\/\/bb-luxusapartman.eu\/index.php?rest_route=\/wp\/v2\/pages"}],"about":[{"href":"https:\/\/bb-luxusapartman.eu\/index.php?rest_route=\/wp\/v2\/types\/page"}],"author":[{"embeddable":true,"href":"https:\/\/bb-luxusapartman.eu\/index.php?rest_route=\/wp\/v2\/users\/1"}],"replies":[{"embeddable":true,"href":"https:\/\/bb-luxusapartman.eu\/index.php?rest_route=%2Fwp%2Fv2%2Fcomments&post=3720"}],"version-history":[{"count":10,"href":"https:\/\/bb-luxusapartman.eu\/index.php?rest_route=\/wp\/v2\/pages\/3720\/revisions"}],"predecessor-version":[{"id":4664,"href":"https:\/\/bb-luxusapartman.eu\/index.php?rest_route=\/wp\/v2\/pages\/3720\/revisions\/4664"}],"wp:featuredmedia":[{"embeddable":true,"href":"https:\/\/bb-luxusapartman.eu\/index.php?rest_route=\/wp\/v2\/media\/4436"}],"wp:attachment":[{"href":"https:\/\/bb-luxusapartman.eu\/index.php?rest_route=%2Fwp%2Fv2%2Fmedia&parent=3720"}],"curies":[{"name":"wp","href":"https:\/\/api.w.org\/{rel}","templated":true}]}}